{"id":660,"date":"2021-03-01T12:12:59","date_gmt":"2021-03-01T12:12:59","guid":{"rendered":"http:\/\/box5177.temp.domains\/~elbatec1\/?page_id=660"},"modified":"2024-05-13T19:44:58","modified_gmt":"2024-05-13T19:44:58","slug":"imprint","status":"publish","type":"page","link":"https:\/\/www.elba-tech.com\/de\/imprint\/","title":{"rendered":"Impressum"},"content":{"rendered":"<div data-elementor-type=\"wp-page\" data-elementor-id=\"660\" class=\"elementor elementor-660\" data-elementor-post-type=\"page\">\n\t\t\t\t<div class=\"elementor-element elementor-element-578bcd0 e-flex e-con-boxed e-con e-parent\" data-id=\"578bcd0\" data-element_type=\"container\">\n\t\t\t\t\t<div class=\"e-con-inner\">\n\t\t<div class=\"elementor-element elementor-element-a85c213 e-con-full e-flex e-con e-child\" data-id=\"a85c213\" data-element_type=\"container\">\n\t\t\t\t<div class=\"elementor-element elementor-element-b689429 elementor-widget elementor-widget-text-editor\" data-id=\"b689429\" data-element_type=\"widget\" data-widget_type=\"text-editor.default\">\n\t\t\t\t<div class=\"elementor-widget-container\">\n\t\t\t\t\t\t\t\t\t<h2>Impressum:<\/h2>\n<h5>Elba Technologies GmbH<\/h5>\n<p>Industriestra\u00dfe 23<\/p>\n<p>70565 Stuttgart&nbsp;<\/p>\n<h3>Vertreten durch:<\/h3>\n<p><span style=\"color: var( --e-global-color-98e030d ); text-align: var(--text-align); font-size: 1rem;\">Name: Hatice Kqiku<\/span><br><\/p>\n<p>Email: mail@elba-tech.com<\/p>\n<h3>Registereintrag:<\/h3>\n<p>Eintrag ins Handelsregister.<\/p>\n<p>Register Court: Stuttgart Local Court<\/p>\n<p>Registernummer: HRB 765036<\/p>\n<p>In Auftrag gegeben von: Deutschland<\/p>\n<h3>UMSATZSTEUER-ID:<\/h3>\n<p>VAT ID in accordance with \u00a727 a Umsatzsteuergesetz:<\/p>\n<p>DE318261675<\/p>\n<h1>Disclaimer<\/h1>\n<h4>Haftung f\u00fcr Inhalte<\/h4>\n<p>Als Dienstanbieter sind wir gem\u00e4\u00df \u00a7 7 Abs. 1 TMG f\u00fcr eigene Inhalte auf diesen Seiten nach den allgemeinen Gesetzen verantwortlich. 1 TMG f\u00fcr eigene Inhalte auf diesen Seiten nach den allgemeinen Gesetzen verantwortlich. Nach \u00a7\u00a7 8 bis 10 TMG sind wir als Diensteanbieter jedoch nicht verpflichtet, \u00fcbermittelte oder gespeicherte fremde Informationen zu \u00fcberwachen oder nach Umst\u00e4nden zu forschen, die auf eine rechtswidrige T\u00e4tigkeit hinweisen. Verpflichtungen zur Entfernung oder Sperrung der Nutzung von Informationen nach den allgemeinen Gesetzen bleiben hiervon unber\u00fchrt. Eine diesbez\u00fcgliche Haftung ist jedoch erst ab dem Zeitpunkt der Kenntnis einer konkreten Rechtsverletzung m\u00f6glich. Bei Bekanntwerden von entsprechenden Rechtsverletzungen werden wir diese Inhalte umgehend entfernen.<\/p>\n<h4>Haftung f\u00fcr Links<\/h4>\n<p>Unser Angebot enth\u00e4lt Links zu externen Webseiten Dritter, auf deren Inhalte wir keinen Einfluss haben. Deshalb k\u00f6nnen wir f\u00fcr diese fremden Inhalte auch keine Gew\u00e4hr \u00fcbernehmen. F\u00fcr die Inhalte der verlinkten Seiten ist stets der jeweilige Anbieter oder Betreiber der Seiten verantwortlich. Die verlinkten Seiten wurden zum Zeitpunkt der Verlinkung auf m\u00f6gliche Rechtsverst\u00f6\u00dfe \u00fcberpr\u00fcft. Rechtswidrige Inhalte waren zum Zeitpunkt der Verlinkung nicht erkennbar. Eine permanente inhaltliche Kontrolle der verlinkten Seiten ist jedoch ohne konkrete Anhaltspunkte einer Rechtsverletzung nicht zumutbar. Bei Bekanntwerden von Rechtsverletzungen werden wir derartige Links umgehend entfernen.<\/p>\n<h1>Urheberrecht<\/h1>\n<p>Contents and works created by the operator of this page are subject to german copyright laws. Reproduction, editing, processing and any kind of usage out of the limits of copyright law require written constent of the respective author or originator. Downloads and copies of this page are only allowed for private, not for commercial purposes. Insofar as contents of this page have not been created by the operator, copyright of third parties was respected. Particularily, contents of third parties have been labeled as such. Should you recognize an infringement of copyright nevertheless, we ask for respective indication.&nbsp;We will immediately delete contents upon notice of respective infringements.<\/p>\n<h3>Credits and Acknowledgments<\/h3>\n<p><strong>Freepik Premium Assets<\/strong>: Some of the visual elements on this website, such as images and icons, are sourced from <a href=\"http:\/\/www.elba-tech.com\/de\/\">Freepik<\/a> under our premium membership.<\/p>\n<p><strong>License Information<\/strong>: The assets from Freepik are used in compliance with the terms and conditions specified by Freepik&#8217;s premium membership.<\/p>\n<p><strong>Ownership<\/strong>: All intellectual property rights for these assets belong to Freepik or their respective creators.<\/p>\n<p><strong>Limitations<\/strong>: Visitors are not permitted to download, distribute, or use these assets outside of the context of this website without prior permission.<\/p>\n<p><strong>Contact Information<\/strong>: For any questions or concerns regarding these assets, please contact us at info@elba-tech.com.<\/p>\n<h4>Adobe Creative Cloud Membership:<\/h4>\n<p><strong>Apps and Fonts<\/strong>: We utilize apps and fonts from Adobe Creative Cloud under our membership.<\/p>\n<p><strong>License Information<\/strong>: These apps and fonts are used in compliance with Adobe Creative Cloud&#8217;s licensing terms.<\/p>\n<p><strong>Ownership<\/strong>: All intellectual property rights for these apps and fonts belong to Adobe or their respective creators.<\/p>\n<p><strong>Limitations<\/strong>: Visitors are not permitted to download, distribute, or use these apps and fonts outside of the context of this website without prior permission.<\/p>\n<p><strong>Contact Information<\/strong>: For any questions or concerns regarding these assets, please contact us at info@elba-tech.com<\/p>\t\t\t\t\t\t\t\t<\/div>\n\t\t\t\t<\/div>\n\t\t\t\t<\/div>\n\t\t\t\t\t<\/div>\n\t\t\t\t<\/div>\n\t\t\t\t<\/div>","protected":false},"excerpt":{"rendered":"<p>Impressum: Elba Technologies GmbH Industriestra\u00dfe 23 70565 Stuttgart&nbsp; Represented by: Name: Hatice Kqiku Email: mail@elba-tech.com Register entry: Entry in Trade Register. Register Court: Amtsgericht Stuttgart Register Number: HRB 765036 Commissioned by: Germany VAT ID: VAT ID in accordance with \u00a727 a Umsatzsteuergesetz: DE318261675 Disclaimer Liability for Contents As service provider, we are responsible in accordance [&hellip;]<\/p>","protected":false},"author":1,"featured_media":913,"parent":0,"menu_order":0,"comment_status":"closed","ping_status":"closed","template":"elementor_header_footer","meta":{"_acf_changed":false,"inline_featured_image":false,"_monsterinsights_skip_tracking":false,"_monsterinsights_sitenote_active":false,"_monsterinsights_sitenote_note":"","_monsterinsights_sitenote_category":0,"footnotes":""},"class_list":["post-660","page","type-page","status-publish","has-post-thumbnail","hentry"],"acf":[],"yoast_head":"<!-- This site is optimized with the Yoast SEO plugin v26.9 - https:\/\/yoast.com\/product\/yoast-seo-wordpress\/ -->\n<title>Imprint - Elba Technologies<\/title>\n<meta name=\"description\" content=\"Elba Technologies offers intelligent automation solutions to assist large enterprises drive business value and digital transformation.\" \/>\n<meta name=\"robots\" content=\"index, follow, max-snippet:-1, max-image-preview:large, max-video-preview:-1\" \/>\n<link rel=\"canonical\" href=\"https:\/\/www.elba-tech.com\/de\/imprint\/\" \/>\n<meta property=\"og:locale\" content=\"de_DE\" \/>\n<meta property=\"og:type\" content=\"article\" \/>\n<meta property=\"og:title\" content=\"Imprint\" \/>\n<meta property=\"og:description\" content=\"Elba Technologies offers intelligent automation solutions to assist large enterprises drive business value and digital transformation.\" \/>\n<meta property=\"og:url\" content=\"https:\/\/www.elba-tech.com\/de\/imprint\/\" \/>\n<meta property=\"og:site_name\" content=\"Elba Technologies\" \/>\n<meta property=\"article:publisher\" content=\"https:\/\/www.facebook.com\/elbatechnologies\" \/>\n<meta property=\"article:modified_time\" content=\"2024-05-13T19:44:58+00:00\" \/>\n<meta property=\"og:image\" content=\"https:\/\/www.elba-tech.com\/wp-content\/uploads\/2021\/03\/Elba-Technologies-Featured-Image-Home-Page.jpg\" \/>\n\t<meta property=\"og:image:width\" content=\"1200\" \/>\n\t<meta property=\"og:image:height\" content=\"628\" \/>\n\t<meta property=\"og:image:type\" content=\"image\/jpeg\" \/>\n<meta name=\"twitter:card\" content=\"summary_large_image\" \/>\n<meta name=\"twitter:title\" content=\"Imprint\" \/>\n<meta name=\"twitter:description\" content=\"Elba Technologies offers intelligent automation solutions to assist large enterprises drive business value and digital transformation.\" \/>\n<meta name=\"twitter:image\" content=\"https:\/\/www.elba-tech.com\/wp-content\/uploads\/2021\/03\/Elba-Technologies-Featured-Image-Home-Page.jpg\" \/>\n<meta name=\"twitter:label1\" content=\"Gesch\u00e4tzte Lesezeit\" \/>\n\t<meta name=\"twitter:data1\" content=\"3\u00a0Minuten\" \/>\n<script type=\"application\/ld+json\" class=\"yoast-schema-graph\">{\"@context\":\"https:\/\/schema.org\",\"@graph\":[{\"@type\":\"WebPage\",\"@id\":\"https:\/\/www.elba-tech.com\/imprint\/\",\"url\":\"https:\/\/www.elba-tech.com\/imprint\/\",\"name\":\"Imprint - Elba Technologies\",\"isPartOf\":{\"@id\":\"https:\/\/www.elba-tech.com\/#website\"},\"primaryImageOfPage\":{\"@id\":\"https:\/\/www.elba-tech.com\/imprint\/#primaryimage\"},\"image\":{\"@id\":\"https:\/\/www.elba-tech.com\/imprint\/#primaryimage\"},\"thumbnailUrl\":\"https:\/\/www.elba-tech.com\/wp-content\/uploads\/2021\/03\/Elba-Technologies-Featured-Image-Home-Page.jpg\",\"datePublished\":\"2021-03-01T12:12:59+00:00\",\"dateModified\":\"2024-05-13T19:44:58+00:00\",\"description\":\"Elba Technologies offers intelligent automation solutions to assist large enterprises drive business value and digital transformation.\",\"breadcrumb\":{\"@id\":\"https:\/\/www.elba-tech.com\/imprint\/#breadcrumb\"},\"inLanguage\":\"de\",\"potentialAction\":[{\"@type\":\"ReadAction\",\"target\":[\"https:\/\/www.elba-tech.com\/imprint\/\"]}]},{\"@type\":\"ImageObject\",\"inLanguage\":\"de\",\"@id\":\"https:\/\/www.elba-tech.com\/imprint\/#primaryimage\",\"url\":\"https:\/\/www.elba-tech.com\/wp-content\/uploads\/2021\/03\/Elba-Technologies-Featured-Image-Home-Page.jpg\",\"contentUrl\":\"https:\/\/www.elba-tech.com\/wp-content\/uploads\/2021\/03\/Elba-Technologies-Featured-Image-Home-Page.jpg\",\"width\":1200,\"height\":628},{\"@type\":\"BreadcrumbList\",\"@id\":\"https:\/\/www.elba-tech.com\/imprint\/#breadcrumb\",\"itemListElement\":[{\"@type\":\"ListItem\",\"position\":1,\"name\":\"Home\",\"item\":\"https:\/\/www.elba-tech.com\/\"},{\"@type\":\"ListItem\",\"position\":2,\"name\":\"Imprint\"}]},{\"@type\":\"WebSite\",\"@id\":\"https:\/\/www.elba-tech.com\/#website\",\"url\":\"https:\/\/www.elba-tech.com\/\",\"name\":\"Elba Technologies\",\"description\":\"Empowering the digital transformation of small and medium enterprises through intelligent solutions\",\"publisher\":{\"@id\":\"https:\/\/www.elba-tech.com\/#organization\"},\"potentialAction\":[{\"@type\":\"SearchAction\",\"target\":{\"@type\":\"EntryPoint\",\"urlTemplate\":\"https:\/\/www.elba-tech.com\/?s={search_term_string}\"},\"query-input\":{\"@type\":\"PropertyValueSpecification\",\"valueRequired\":true,\"valueName\":\"search_term_string\"}}],\"inLanguage\":\"de\"},{\"@type\":\"Organization\",\"@id\":\"https:\/\/www.elba-tech.com\/#organization\",\"name\":\"Elba Technologies\",\"url\":\"https:\/\/www.elba-tech.com\/\",\"logo\":{\"@type\":\"ImageObject\",\"inLanguage\":\"de\",\"@id\":\"https:\/\/www.elba-tech.com\/#\/schema\/logo\/image\/\",\"url\":\"https:\/\/www.elba-tech.com\/wp-content\/uploads\/2023\/04\/elba-logo_horizontal_white.png\",\"contentUrl\":\"https:\/\/www.elba-tech.com\/wp-content\/uploads\/2023\/04\/elba-logo_horizontal_white.png\",\"width\":648,\"height\":68,\"caption\":\"Elba Technologies\"},\"image\":{\"@id\":\"https:\/\/www.elba-tech.com\/#\/schema\/logo\/image\/\"},\"sameAs\":[\"https:\/\/www.facebook.com\/elbatechnologies\",\"https:\/\/www.instagram.com\/elbatechnologies\/\"]}]}<\/script>\n<!-- \/ Yoast SEO plugin. -->","yoast_head_json":{"title":"Imprint - Elba Technologies","description":"Elba Technologies offers intelligent automation solutions to assist large enterprises drive business value and digital transformation.","robots":{"index":"index","follow":"follow","max-snippet":"max-snippet:-1","max-image-preview":"max-image-preview:large","max-video-preview":"max-video-preview:-1"},"canonical":"https:\/\/www.elba-tech.com\/de\/imprint\/","og_locale":"de_DE","og_type":"article","og_title":"Imprint","og_description":"Elba Technologies offers intelligent automation solutions to assist large enterprises drive business value and digital transformation.","og_url":"https:\/\/www.elba-tech.com\/de\/imprint\/","og_site_name":"Elba Technologies","article_publisher":"https:\/\/www.facebook.com\/elbatechnologies","article_modified_time":"2024-05-13T19:44:58+00:00","og_image":[{"width":1200,"height":628,"url":"https:\/\/www.elba-tech.com\/wp-content\/uploads\/2021\/03\/Elba-Technologies-Featured-Image-Home-Page.jpg","type":"image\/jpeg"}],"twitter_card":"summary_large_image","twitter_title":"Imprint","twitter_description":"Elba Technologies offers intelligent automation solutions to assist large enterprises drive business value and digital transformation.","twitter_image":"https:\/\/www.elba-tech.com\/wp-content\/uploads\/2021\/03\/Elba-Technologies-Featured-Image-Home-Page.jpg","twitter_misc":{"Gesch\u00e4tzte Lesezeit":"3\u00a0Minuten"},"schema":{"@context":"https:\/\/schema.org","@graph":[{"@type":"WebPage","@id":"https:\/\/www.elba-tech.com\/imprint\/","url":"https:\/\/www.elba-tech.com\/imprint\/","name":"Imprint - Elba Technologies","isPartOf":{"@id":"https:\/\/www.elba-tech.com\/#website"},"primaryImageOfPage":{"@id":"https:\/\/www.elba-tech.com\/imprint\/#primaryimage"},"image":{"@id":"https:\/\/www.elba-tech.com\/imprint\/#primaryimage"},"thumbnailUrl":"https:\/\/www.elba-tech.com\/wp-content\/uploads\/2021\/03\/Elba-Technologies-Featured-Image-Home-Page.jpg","datePublished":"2021-03-01T12:12:59+00:00","dateModified":"2024-05-13T19:44:58+00:00","description":"Elba Technologies offers intelligent automation solutions to assist large enterprises drive business value and digital transformation.","breadcrumb":{"@id":"https:\/\/www.elba-tech.com\/imprint\/#breadcrumb"},"inLanguage":"de","potentialAction":[{"@type":"ReadAction","target":["https:\/\/www.elba-tech.com\/imprint\/"]}]},{"@type":"ImageObject","inLanguage":"de","@id":"https:\/\/www.elba-tech.com\/imprint\/#primaryimage","url":"https:\/\/www.elba-tech.com\/wp-content\/uploads\/2021\/03\/Elba-Technologies-Featured-Image-Home-Page.jpg","contentUrl":"https:\/\/www.elba-tech.com\/wp-content\/uploads\/2021\/03\/Elba-Technologies-Featured-Image-Home-Page.jpg","width":1200,"height":628},{"@type":"BreadcrumbList","@id":"https:\/\/www.elba-tech.com\/imprint\/#breadcrumb","itemListElement":[{"@type":"ListItem","position":1,"name":"Home","item":"https:\/\/www.elba-tech.com\/"},{"@type":"ListItem","position":2,"name":"Imprint"}]},{"@type":"WebSite","@id":"https:\/\/www.elba-tech.com\/#website","url":"https:\/\/www.elba-tech.com\/","name":"Elba Technologies","description":"Empowering the digital transformation of small and medium enterprises through intelligent solutions","publisher":{"@id":"https:\/\/www.elba-tech.com\/#organization"},"potentialAction":[{"@type":"SearchAction","target":{"@type":"EntryPoint","urlTemplate":"https:\/\/www.elba-tech.com\/?s={search_term_string}"},"query-input":{"@type":"PropertyValueSpecification","valueRequired":true,"valueName":"search_term_string"}}],"inLanguage":"de"},{"@type":"Organization","@id":"https:\/\/www.elba-tech.com\/#organization","name":"Elba Technologies","url":"https:\/\/www.elba-tech.com\/","logo":{"@type":"ImageObject","inLanguage":"de","@id":"https:\/\/www.elba-tech.com\/#\/schema\/logo\/image\/","url":"https:\/\/www.elba-tech.com\/wp-content\/uploads\/2023\/04\/elba-logo_horizontal_white.png","contentUrl":"https:\/\/www.elba-tech.com\/wp-content\/uploads\/2023\/04\/elba-logo_horizontal_white.png","width":648,"height":68,"caption":"Elba Technologies"},"image":{"@id":"https:\/\/www.elba-tech.com\/#\/schema\/logo\/image\/"},"sameAs":["https:\/\/www.facebook.com\/elbatechnologies","https:\/\/www.instagram.com\/elbatechnologies\/"]}]}},"_links":{"self":[{"href":"https:\/\/www.elba-tech.com\/de\/wp-json\/wp\/v2\/pages\/660","targetHints":{"allow":["GET"]}}],"collection":[{"href":"https:\/\/www.elba-tech.com\/de\/wp-json\/wp\/v2\/pages"}],"about":[{"href":"https:\/\/www.elba-tech.com\/de\/wp-json\/wp\/v2\/types\/page"}],"author":[{"embeddable":true,"href":"https:\/\/www.elba-tech.com\/de\/wp-json\/wp\/v2\/users\/1"}],"replies":[{"embeddable":true,"href":"https:\/\/www.elba-tech.com\/de\/wp-json\/wp\/v2\/comments?post=660"}],"version-history":[{"count":5,"href":"https:\/\/www.elba-tech.com\/de\/wp-json\/wp\/v2\/pages\/660\/revisions"}],"predecessor-version":[{"id":11916,"href":"https:\/\/www.elba-tech.com\/de\/wp-json\/wp\/v2\/pages\/660\/revisions\/11916"}],"wp:featuredmedia":[{"embeddable":true,"href":"https:\/\/www.elba-tech.com\/de\/wp-json\/wp\/v2\/media\/913"}],"wp:attachment":[{"href":"https:\/\/www.elba-tech.com\/de\/wp-json\/wp\/v2\/media?parent=660"}],"curies":[{"name":"wp","href":"https:\/\/api.w.org\/{rel}","templated":true}]}}